{"id":27,"date":"2023-12-04T16:10:58","date_gmt":"2023-12-04T15:10:58","guid":{"rendered":"https:\/\/microcimentsgf.com\/?page_id=27"},"modified":"2023-12-04T17:52:53","modified_gmt":"2023-12-04T16:52:53","slug":"prueba","status":"publish","type":"page","link":"https:\/\/microcimentsgf.com\/?page_id=27","title":{"rendered":"Prueba"},"content":{"rendered":"\n<div class=\"section-wrapper\" data-id=\"QvQGo4\"><section class=\"wp-block-gutenverse-section guten-element guten-section guten-QvQGo4 layout-boxed align-stretch\"><div class=\"guten-background-overlay\"><\/div><div class=\"guten-shape-divider guten-shape-divider-top\"><\/div><div class=\"guten-shape-divider guten-shape-divider-bottom\"><\/div><div class=\"guten-container guten-column-gap-no\">\n<div class=\"wp-block-gutenverse-column guten-element guten-column guten-8F5CTQ\"><div class=\"guten-background-overlay\"><\/div><div class=\"sticky-wrapper\" data-id=\"8F5CTQ\"><div class=\"guten-column-wrapper\">\n<h1 class=\"wp-block-gutenverse-heading guten-element guten-gEClE2\">Servicios microcemento?<\/h1>\n<\/div><\/div><\/div>\n<\/div><\/section><\/div>\n\n\n\n<div class=\"section-wrapper\" data-id=\"6bhgev\"><section class=\"wp-block-gutenverse-section guten-element guten-section guten-6bhgev layout-boxed align-stretch\"><div class=\"guten-background-overlay\"><\/div><div class=\"guten-shape-divider guten-shape-divider-top\"><\/div><div class=\"guten-shape-divider guten-shape-divider-bottom\"><\/div><div class=\"guten-container guten-column-gap-no\">\n<div class=\"wp-block-gutenverse-column guten-element guten-column guten-ag1E9u\"><div class=\"guten-background-overlay\"><\/div><div class=\"sticky-wrapper\" data-id=\"ag1E9u\"><div class=\"guten-column-wrapper\">\n<h2 class=\"wp-block-gutenverse-heading guten-element guten-g53Ku9 animated guten-element-hide desktop-fadeInUp\">\u00bfQu\u00e9 es el microcemento y por qu\u00e9 deber\u00edas elegirlo para tu proyecto?<\/h2>\n\n\n\n<p class=\"has-normal-font-size\">El microcemento es un revestimiento decorativo que se aplica sobre cualquier superficie, sin necesidad de obras ni escombros. Se trata de un material compuesto por cemento, resinas, pigmentos y aditivos que ofrece una gran resistencia, durabilidad y versatilidad. Adem\u00e1s, el microcemento tiene un acabado muy est\u00e9tico y moderno, que se adapta a cualquier estilo y ambiente. <\/p>\n\n\n\n<p class=\"has-normal-font-size\">En nuestra <a href=\"https:\/\/microcementosgf.com\/\" title=\"p\u00e1gina web\">p\u00e1gina web<\/a>, encontrar\u00e1s toda la informaci\u00f3n que necesitas sobre el microcemento: sus caracter\u00edsticas, ventajas, aplicaciones, tipos, colores, precios y mucho m\u00e1s. Pero si lo que quieres es conocer nuestros servicios, te invitamos a seguir leyendo este art\u00edculo<\/p>\n<\/div><\/div><\/div>\n<\/div><\/section><\/div>\n\n\n\n<div class=\"section-wrapper\" data-id=\"2m600U\"><section class=\"wp-block-gutenverse-section guten-element guten-section guten-2m600U layout-boxed align-stretch\"><div class=\"guten-background-overlay\"><\/div><div class=\"guten-shape-divider guten-shape-divider-top\"><\/div><div class=\"guten-shape-divider guten-shape-divider-bottom\"><\/div><div class=\"guten-container guten-column-gap-no\">\n<div class=\"wp-block-gutenverse-column guten-element guten-column guten-yiM3bl\"><div class=\"guten-background-overlay\"><\/div><div class=\"sticky-wrapper\" data-id=\"yiM3bl\"><div class=\"guten-column-wrapper\">\n<h2 class=\"wp-block-gutenverse-heading guten-element guten-pCYZRo animated guten-element-hide desktop-fadeInUp\">Nuestros&nbsp;servicios&nbsp;de&nbsp;microcemento<\/h2>\n\n\n\n<p class=\"has-normal-font-size\">El microcemento es un revestimiento decorativo que se aplica sobre cualquier superficie, sin necesidad de obras ni escombros. Se trata de un material compuesto por cemento, resinas, pigmentos y aditivos que ofrece una gran resistencia, durabilidad y versatilidad. Adem\u00e1s, el microcemento tiene un acabado muy est\u00e9tico y moderno, que se adapta a cualquier estilo y ambiente. <\/p>\n\n\n\n<div class=\"section-wrapper\" data-id=\"cOLVkL\"><section class=\"wp-block-gutenverse-section guten-element guten-section guten-cOLVkL animated guten-element-hide slow desktop-fadeInUp layout-boxed align-stretch\"><div class=\"guten-background-overlay\"><\/div><div class=\"guten-shape-divider guten-shape-divider-top\"><\/div><div class=\"guten-shape-divider guten-shape-divider-bottom\"><\/div><div class=\"guten-container guten-column-gap-no\">\n<div class=\"wp-block-gutenverse-column guten-element guten-column guten-pYv7wa\"><div class=\"guten-background-overlay\"><\/div><div class=\"sticky-wrapper\" data-id=\"pYv7wa\"><div class=\"guten-column-wrapper\">\n<div class=\"guten-element guten-0Rn7IW guten-icon-box icon-position-top\"><div class=\"guten-icon-box-wrapper hover-from-arise\"><div class=\"icon-box icon-box-header\"><div class=\"icon style-color\"><a class=\"\" href=\"https:\/\/microcementosgf.com\/microcemento-para-suelos-la-elegancia-y-durabilidad-que-tu-piso-merece\/\"><i class=\"gtn gtn-Design-3-light\"><\/i><\/a><\/div><\/div><div class=\"icon-box icon-box-body\"><a class=\"\" href=\"https:\/\/microcementosgf.com\/microcemento-para-suelos-la-elegancia-y-durabilidad-que-tu-piso-merece\/\"><h2 class=\"title\">Microcemento Suelos<\/h2><\/a><p class=\"icon-box-description\"><\/p><\/div><\/div><\/div>\n<\/div><\/div><\/div>\n\n\n\n<div class=\"wp-block-gutenverse-column guten-element guten-column guten-ZgrlHJ\"><div class=\"guten-background-overlay\"><\/div><div class=\"sticky-wrapper\" data-id=\"ZgrlHJ\"><div class=\"guten-column-wrapper\">\n<div class=\"guten-element guten-8N8cwI guten-icon-box icon-position-top\"><div class=\"guten-icon-box-wrapper hover-from-arise\"><div class=\"icon-box icon-box-header\"><div class=\"icon style-color\"><i class=\"gtn gtn-brickwall-light\"><\/i><\/div><\/div><div class=\"icon-box icon-box-body\"><h2 class=\"title\">Microcemento Parede<\/h2><p class=\"icon-box-description\"><\/p><\/div><\/div><\/div>\n<\/div><\/div><\/div>\n\n\n\n<div class=\"wp-block-gutenverse-column guten-element guten-column guten-3d1eHC\"><div class=\"guten-background-overlay\"><\/div><div class=\"sticky-wrapper\" data-id=\"3d1eHC\"><div class=\"guten-column-wrapper\">\n<div class=\"guten-element guten-3uixre guten-icon-box icon-position-top\"><div class=\"guten-icon-box-wrapper hover-from-arise\"><div class=\"icon-box icon-box-header\"><div class=\"icon style-color\"><i class=\"gtn gtn-cookie-bite-solid\"><\/i><\/div><\/div><div class=\"icon-box icon-box-body\"><h2 class=\"title\">Microcemento Cocina<\/h2><p class=\"icon-box-description\"><\/p><\/div><\/div><\/div>\n<\/div><\/div><\/div>\n\n\n\n<div class=\"wp-block-gutenverse-column guten-element guten-column guten-df4zRH\"><div class=\"guten-background-overlay\"><\/div><div class=\"sticky-wrapper\" data-id=\"df4zRH\"><div class=\"guten-column-wrapper\">\n<div class=\"guten-element guten-v6o1Br guten-icon-box icon-position-top\"><div class=\"guten-icon-box-wrapper hover-from-arise\"><div class=\"icon-box icon-box-header\"><div class=\"icon style-color\"><i class=\"gtn gtn-bath-solid\"><\/i><\/div><\/div><div class=\"icon-box icon-box-body\"><h2 class=\"title\">Microcemento Ba\u00f1o<\/h2><p class=\"icon-box-description\"><\/p><\/div><\/div><\/div>\n<\/div><\/div><\/div>\n<\/div><\/section><\/div>\n\n\n\n<div class=\"section-wrapper\" data-id=\"XOwm6J\"><section class=\"wp-block-gutenverse-section guten-element guten-section guten-XOwm6J animated guten-element-hide slow desktop-fadeInUp layout-boxed align-stretch\"><div class=\"guten-background-overlay\"><\/div><div class=\"guten-shape-divider guten-shape-divider-top\"><\/div><div class=\"guten-shape-divider guten-shape-divider-bottom\"><\/div><div class=\"guten-container guten-column-gap-no\">\n<div class=\"wp-block-gutenverse-column guten-element guten-column guten-VQ3d80\"><div class=\"guten-background-overlay\"><\/div><div class=\"sticky-wrapper\" data-id=\"VQ3d80\"><div class=\"guten-column-wrapper\">\n<div class=\"guten-element guten-erUxnC guten-icon-box icon-position-top\"><div class=\"guten-icon-box-wrapper hover-from-arise\"><div class=\"icon-box icon-box-header\"><div class=\"icon style-color\"><i class=\"gtn gtn-Massage-table-light\"><\/i><\/div><\/div><div class=\"icon-box icon-box-body\"><h2 class=\"title\">Microcemento Muebles<\/h2><p class=\"icon-box-description\"><\/p><\/div><\/div><\/div>\n<\/div><\/div><\/div>\n\n\n\n<div class=\"wp-block-gutenverse-column guten-element guten-column guten-Dg2w4a\"><div class=\"guten-background-overlay\"><\/div><div class=\"sticky-wrapper\" data-id=\"Dg2w4a\"><div class=\"guten-column-wrapper\">\n<div class=\"guten-element guten-HuM1DP guten-icon-box icon-position-top\"><div class=\"guten-icon-box-wrapper hover-from-arise\"><div class=\"icon-box icon-box-header\"><div class=\"icon style-color\"><i class=\"gtn gtn-swimming-pool-solid\"><\/i><\/div><\/div><div class=\"icon-box icon-box-body\"><h2 class=\"title\">Microcemento Piscina<\/h2><p class=\"icon-box-description\"><\/p><\/div><\/div><\/div>\n<\/div><\/div><\/div>\n\n\n\n<div class=\"wp-block-gutenverse-column guten-element guten-column guten-9i6736\"><div class=\"guten-background-overlay\"><\/div><div class=\"sticky-wrapper\" data-id=\"9i6736\"><div class=\"guten-column-wrapper\">\n<div class=\"guten-element guten-lWGLS8 guten-icon-box icon-position-top\"><div class=\"guten-icon-box-wrapper hover-from-arise\"><div class=\"icon-box icon-box-header\"><div class=\"icon style-color\"><i class=\"gtn gtn-Design-2-light\"><\/i><\/div><\/div><div class=\"icon-box icon-box-body\"><h2 class=\"title\">Microcemento Baldosas<\/h2><p class=\"icon-box-description\"><\/p><\/div><\/div><\/div>\n<\/div><\/div><\/div>\n\n\n\n<div class=\"wp-block-gutenverse-column guten-element guten-column guten-4bvfJz\"><div class=\"guten-background-overlay\"><\/div><div class=\"sticky-wrapper\" data-id=\"4bvfJz\"><div class=\"guten-column-wrapper\">\n<div class=\"guten-element guten-Z5ynYB guten-icon-box icon-position-top\"><div class=\"guten-icon-box-wrapper hover-from-arise\"><div class=\"icon-box icon-box-header\"><div class=\"icon style-color\"><i class=\"gtn gtn-car1-light\"><\/i><\/div><\/div><div class=\"icon-box icon-box-body\"><h2 class=\"title\">Microcemento Garaje<\/h2><p class=\"icon-box-description\"><\/p><\/div><\/div><\/div>\n<\/div><\/div><\/div>\n<\/div><\/section><\/div>\n\n\n\n<div class=\"section-wrapper\" data-id=\"Dl9ZYs\"><section class=\"wp-block-gutenverse-section guten-element guten-section guten-Dl9ZYs animated guten-element-hide slow desktop-fadeInUp layout-boxed align-stretch\"><div class=\"guten-background-overlay\"><\/div><div class=\"guten-shape-divider guten-shape-divider-top\"><\/div><div class=\"guten-shape-divider guten-shape-divider-bottom\"><\/div><div class=\"guten-container guten-column-gap-no\">\n<div class=\"wp-block-gutenverse-column guten-element guten-column guten-ZEtNf7\"><div class=\"guten-background-overlay\"><\/div><div class=\"sticky-wrapper\" data-id=\"ZEtNf7\"><div class=\"guten-column-wrapper\">\n<div class=\"guten-element guten-K2BEzJ guten-icon-box icon-position-top\"><div class=\"guten-icon-box-wrapper hover-from-arise\"><div class=\"icon-box icon-box-header\"><div class=\"icon style-color\"><i class=\"gtn gtn-cocktail-solid\"><\/i><\/div><\/div><div class=\"icon-box icon-box-body\"><h2 class=\"title\">Microcemento Terrazas<\/h2><p class=\"icon-box-description\"><\/p><\/div><\/div><\/div>\n<\/div><\/div><\/div>\n\n\n\n<div class=\"wp-block-gutenverse-column guten-element guten-column guten-ujLsZF\"><div class=\"guten-background-overlay\"><\/div><div class=\"sticky-wrapper\" data-id=\"ujLsZF\"><div class=\"guten-column-wrapper\">\n<div class=\"guten-element guten-40S7JE guten-icon-box icon-position-top\"><div class=\"guten-icon-box-wrapper hover-from-arise\"><div class=\"icon-box icon-box-header\"><div class=\"icon style-color\"><i class=\"gtn gtn-construction-light\"><\/i><\/div><\/div><div class=\"icon-box icon-box-body\"><h2 class=\"title\">Microcemento Reparaciones<\/h2><p class=\"icon-box-description\"><\/p><\/div><\/div><\/div>\n<\/div><\/div><\/div>\n\n\n\n<div class=\"wp-block-gutenverse-column guten-element guten-column guten-XHHesK\"><div class=\"guten-background-overlay\"><\/div><div class=\"sticky-wrapper\" data-id=\"XHHesK\"><div class=\"guten-column-wrapper\">\n<div class=\"guten-element guten-HYpH3X guten-icon-box icon-position-top\"><div class=\"guten-icon-box-wrapper hover-from-arise\"><div class=\"icon-box icon-box-header\"><div class=\"icon style-color\"><i class=\"gtn gtn-store-light\"><\/i><\/div><\/div><div class=\"icon-box icon-box-body\"><h2 class=\"title\">Microcemento Decoraci\u00f3n Comercial<\/h2><p class=\"icon-box-description\"><\/p><\/div><\/div><\/div>\n<\/div><\/div><\/div>\n\n\n\n<div class=\"wp-block-gutenverse-column guten-element guten-column guten-mcLPmu\"><div class=\"guten-background-overlay\"><\/div><div class=\"sticky-wrapper\" data-id=\"mcLPmu\"><div class=\"guten-column-wrapper\">\n<div class=\"guten-element guten-GzPUK8 guten-icon-box icon-position-top\"><div class=\"guten-icon-box-wrapper hover-from-arise\"><div class=\"icon-box icon-box-header\"><div class=\"icon style-color\"><i class=\"gtn gtn-suitcase-1-light\"><\/i><\/div><\/div><div class=\"icon-box icon-box-body\"><h2 class=\"title\">Microcemento Decoraci\u00f3n Trabajo<\/h2><p class=\"icon-box-description\"><\/p><\/div><\/div><\/div>\n<\/div><\/div><\/div>\n<\/div><\/section><\/div>\n<\/div><\/div><\/div>\n<\/div><\/section><\/div>\n\n\n\n<div class=\"section-wrapper\" data-id=\"JHacMs\"><section class=\"wp-block-gutenverse-section guten-element guten-section guten-JHacMs layout-boxed align-stretch\"><div class=\"guten-background-overlay\"><\/div><div class=\"guten-shape-divider guten-shape-divider-top\"><\/div><div class=\"guten-shape-divider guten-shape-divider-bottom\"><\/div><div class=\"guten-container guten-column-gap-no\">\n<div class=\"wp-block-gutenverse-column guten-element guten-column guten-3lEzMz\"><div class=\"guten-background-overlay\"><\/div><div class=\"sticky-wrapper\" data-id=\"3lEzMz\"><div class=\"guten-column-wrapper\">\n<h2 class=\"wp-block-gutenverse-heading guten-element guten-mG3tep animated guten-element-hide desktop-fadeInUp\">\u00bfPor qu\u00e9 confiar en nuestra empresa sobre microcemento?<\/h2>\n\n\n\n<p class=\"has-normal-font-size\">Somos una empresa de referencia en el sector del microcemento, con m\u00e1s de 10 a\u00f1os de experiencia y cientos de clientes satisfechos. Estas son algunas de las razones por las que deber\u00edas confiar en nosotros:<\/p>\n\n\n\n<ul class=\"has-normal-font-size\">\n<li>Calidad: trabajamos con los mejores materiales y marcas del mercado, que cuentan con certificados de calidad y garant\u00eda. Nuestro microcemento es resistente al agua, al desgaste, a los golpes, a las manchas y a los cambios de temperatura.<\/li>\n\n\n\n<li>Profesionalidad: contamos con un equipo de instaladores profesionales, formados y actualizados en las \u00faltimas tendencias y novedades del microcemento. Cumplimos con los plazos acordados y respetamos las normas de seguridad e higiene.<\/li>\n\n\n\n<li>Creatividad: nos encanta crear espacios \u00fanicos y personalizados con el microcemento. Nos adaptamos a tus preferencias y te proponemos soluciones innovadoras y originales para tu proyecto.<\/li>\n\n\n\n<li>Atenci\u00f3n al cliente: estamos a tu disposici\u00f3n para resolver cualquier duda o consulta que<br>tengas sobre el microcemento. Te ofrecemos un trato cercano y transparente, desde el primer contacto hasta la finalizaci\u00f3n del servicio.<\/li>\n<\/ul>\n<\/div><\/div><\/div>\n<\/div><\/section><\/div>\n","protected":false},"excerpt":{"rendered":"","protected":false},"author":1,"featured_media":0,"parent":0,"menu_order":0,"comment_status":"closed","ping_status":"closed","template":"","meta":{"om_disable_all_campaigns":false,"_monsterinsights_skip_tracking":false,"_monsterinsights_sitenote_active":false,"_monsterinsights_sitenote_note":"","_monsterinsights_sitenote_category":0,"footnotes":""},"aioseo_notices":[],"_links":{"self":[{"href":"https:\/\/microcimentsgf.com\/index.php?rest_route=\/wp\/v2\/pages\/27"}],"collection":[{"href":"https:\/\/microcimentsgf.com\/index.php?rest_route=\/wp\/v2\/pages"}],"about":[{"href":"https:\/\/microcimentsgf.com\/index.php?rest_route=\/wp\/v2\/types\/page"}],"author":[{"embeddable":true,"href":"https:\/\/microcimentsgf.com\/index.php?rest_route=\/wp\/v2\/users\/1"}],"replies":[{"embeddable":true,"href":"https:\/\/microcimentsgf.com\/index.php?rest_route=%2Fwp%2Fv2%2Fcomments&post=27"}],"version-history":[{"count":2,"href":"https:\/\/microcimentsgf.com\/index.php?rest_route=\/wp\/v2\/pages\/27\/revisions"}],"predecessor-version":[{"id":39,"href":"https:\/\/microcimentsgf.com\/index.php?rest_route=\/wp\/v2\/pages\/27\/revisions\/39"}],"wp:attachment":[{"href":"https:\/\/microcimentsgf.com\/index.php?rest_route=%2Fwp%2Fv2%2Fmedia&parent=27"}],"curies":[{"name":"wp","href":"https:\/\/api.w.org\/{rel}","templated":true}]}}